{"id":449,"date":"2021-11-19T01:01:57","date_gmt":"2021-11-19T00:01:57","guid":{"rendered":"https:\/\/edu.daisybell.ch\/ressources\/"},"modified":"2022-01-20T10:22:53","modified_gmt":"2022-01-20T09:22:53","slug":"ressources","status":"publish","type":"page","link":"https:\/\/vdratschool.ch\/de\/ressources\/","title":{"rendered":"Ressourcen"},"content":{"rendered":"\n<p>Es werden verschiedene Ressourcen angeboten, um die Vorf\u00fchrung der Filme im Unterricht zu begleiten. Lexikon, Arbeitsbl\u00e4tter und Interviews erm\u00f6glichen eine Einf\u00fchrung in den Film oder bereichern die Diskussion mit den Sch\u00fclerinnen und Sch\u00fclern. F\u00fcr alle Ressourcen, die sich auf die angebotenen Filme beziehen, gehen Sie bitte direkt auf die Seite des entsprechenden Films.<\/p>\n\n\n\n<p><\/p>\n","protected":false},"excerpt":{"rendered":"<p>Es werden verschiedene Ressourcen angeboten, um die Vorf\u00fchrung der Filme im Unterricht zu begleiten. Lexikon, Arbeitsbl\u00e4tter und Interviews erm\u00f6glichen eine Einf\u00fchrung in den Film oder bereichern die Diskussion mit den Sch\u00fclerinnen und Sch\u00fclern. F\u00fcr alle Ressourcen, die sich auf die angebotenen Filme beziehen, gehen Sie bitte direkt auf die Seite des entsprechenden Films.<\/p>\n","protected":false},"author":1,"featured_media":440,"parent":0,"menu_order":1,"comment_status":"closed","ping_status":"closed","template":"template-ressources.php","meta":{"_acf_changed":false,"footnotes":""},"class_list":["post-449","page","type-page","status-publish","has-post-thumbnail","hentry"],"acf":[],"_links":{"self":[{"href":"https:\/\/vdratschool.ch\/de\/wp-json\/wp\/v2\/pages\/449","targetHints":{"allow":["GET"]}}],"collection":[{"href":"https:\/\/vdratschool.ch\/de\/wp-json\/wp\/v2\/pages"}],"about":[{"href":"https:\/\/vdratschool.ch\/de\/wp-json\/wp\/v2\/types\/page"}],"author":[{"embeddable":true,"href":"https:\/\/vdratschool.ch\/de\/wp-json\/wp\/v2\/users\/1"}],"replies":[{"embeddable":true,"href":"https:\/\/vdratschool.ch\/de\/wp-json\/wp\/v2\/comments?post=449"}],"version-history":[{"count":14,"href":"https:\/\/vdratschool.ch\/de\/wp-json\/wp\/v2\/pages\/449\/revisions"}],"predecessor-version":[{"id":611,"href":"https:\/\/vdratschool.ch\/de\/wp-json\/wp\/v2\/pages\/449\/revisions\/611"}],"wp:featuredmedia":[{"embeddable":true,"href":"https:\/\/vdratschool.ch\/de\/wp-json\/wp\/v2\/media\/440"}],"wp:attachment":[{"href":"https:\/\/vdratschool.ch\/de\/wp-json\/wp\/v2\/media?parent=449"}],"curies":[{"name":"wp","href":"https:\/\/api.w.org\/{rel}","templated":true}]}}