{"id":453,"date":"2021-11-21T11:32:28","date_gmt":"2021-11-21T10:32:28","guid":{"rendered":"https:\/\/edu.daisybell.ch\/infos\/"},"modified":"2025-01-27T09:42:59","modified_gmt":"2025-01-27T08:42:59","slug":"infos","status":"publish","type":"page","link":"https:\/\/vdratschool.ch\/de\/infos\/","title":{"rendered":"Infos"},"content":{"rendered":"\n<p>Die Plattform Visions du R\u00e9el at School stellt Lehrpersonen kostenlos Dokumentarfilme aus verschiedenen Ausgaben des Festivals zur Verf\u00fcgung. Das Festivalteam kuratiert eine p\u00e4dagogisch relevante Auswahl an Filmen, die den verschiedenen F\u00e4chern, Themen und Schulstufen gerecht wird. Jeden Monat wird ein neuer Film mit p\u00e4dagogischem Material zur Plattform hinzugef\u00fcgt. So bietet sich die Plattform als Ressource in der P\u00e4dagogik und der Medienerziehung in der Schweiz an. <\/p>\n\n\n\n<p><strong><strong>Vorgehensweise<\/strong> (f\u00fcr Lehrer*innen)<\/strong><\/p>\n\n\n\n<ul class=\"wp-block-list\">\n<li>W\u00e4hlen Sie einen Film aus den Vorschl\u00e4gen aus<\/li>\n\n\n\n<li>Klicken Sie auf \u00abZugang beantragen\u00bb und f\u00fcllen Sie das Formular aus<\/li>\n\n\n\n<li>Sie erhalten Ihren Zugang per E-Mail und k\u00f6nnen ihn auf der Website des entsprechenden Films eingeben, indem Sie auf \u00abFilm ansehen\u00bb klicken. Der Film wird mindestens einen Monat lang zug\u00e4nglich sein, damit Sie ihn in der Schule behandeln k\u00f6nnen. (Die Zugangsdauer kann verl\u00e4ngert werden.)<\/li>\n<\/ul>\n\n\n\n<p><\/p>\n\n\n\n<p><a href=\"https:\/\/www.visionsdureel.ch\/de\/info\/a-propos\/\" target=\"_blank\" rel=\"noreferrer noopener\">\u00dcber Visions du R\u00e9el <\/a><\/p>\n\n\n\n<p><strong>Kontakt<\/strong><br>Bei Anmerkungen oder Fragen k\u00f6nnen Sie uns gerne unter folgender Adresse kontaktieren: <a href=\"mailto:edu@visionsdureel.ch\" target=\"_blank\" rel=\"noreferrer noopener\">bildung@visionsdureel.ch<\/a><\/p>\n\n\n\n<p><strong><strong>Ihre Meinung ist uns wichtig<\/strong><\/strong><br>Feedback zu Ihrer Nutzung der Plattform VdR at School<br><a rel=\"noreferrer noopener\" href=\"https:\/\/www.surveymonkey.com\/r\/DR5H8XB\" target=\"_blank\">\u2192 Folgen Sie diesem Link<\/a><\/p>\n\n\n\n<hr class=\"wp-block-separator has-alpha-channel-opacity\"\/>\n\n\n\n<h3 class=\"wp-block-heading\">Finanzielle Unterst\u00fctzung<\/h3>\n\n\n<section class=\"gallery-logo\">\n  <ul class=\"list-unstyled list-inline\">\n        <li class=\"mb-5 logo2x\">\n            <a href='https:\/\/www.zh.ch\/de\/bildungsdirektion\/generalsekretariat-der-bildungsdirektion\/gemeinnuetziger-fonds-bildung.html' target='_blank' rel='nofollow' class='d-block pe-2 pe-lg-3 pe-xl-4'>\n            <img decoding=\"async\" src=\"https:\/\/vdratschool.ch\/wp-content\/uploads\/2022\/12\/logo_gemeinnuetziger-fonds_sw-1-480x132.jpg\" alt=\"\" rel=\"noopener\" class=\"mr-2\" \/>\n      <\/a>      <\/span>  <\/li>\n        <li class=\"mb-5 \">\n            <a href='https:\/\/www.lombardodier.com\/philanthropie' target='_blank' rel='nofollow' class='d-block pe-2 pe-lg-3 pe-xl-4'>\n            <img decoding=\"async\" src=\"https:\/\/vdratschool.ch\/wp-content\/uploads\/2022\/12\/FONDATION_LO_-logo412c-309x206.png\" alt=\"\" rel=\"noopener\" class=\"mr-2\" \/>\n      <\/a>      <\/span>  <\/li>\n        <li class=\"mb-5 \">\n            <a href='https:\/\/www.vd.ch\/' target='_blank' rel='nofollow' class='d-block pe-2 pe-lg-3 pe-xl-4'>\n            <img decoding=\"async\" src=\"https:\/\/vdratschool.ch\/wp-content\/uploads\/2022\/12\/vd_soutien_sponsoring_positif_500px-480x161.png\" alt=\"\" rel=\"noopener\" class=\"mr-2\" \/>\n      <\/a>      <\/span>  <\/li>\n        <li class=\"mb-5 \">\n            <a href='https:\/\/www.oertlistiftung.ch\/fr\/' target='_blank' rel='nofollow' class='d-block pe-2 pe-lg-3 pe-xl-4'>\n            <img decoding=\"async\" src=\"https:\/\/vdratschool.ch\/wp-content\/uploads\/2022\/12\/logo_oertli_stiftung_sw-153x206.png\" alt=\"\" rel=\"noopener\" class=\"mr-2\" \/>\n      <\/a>      <\/span>  <\/li>\n        <li class=\"mb-5 \">\n            <a href='https:\/\/www.ag.ch\/de\/verwaltung\/dfr\/finanzen\/swisslos-fonds-unterstuetzungsbeitraege' target='_blank' rel='nofollow' class='d-block pe-2 pe-lg-3 pe-xl-4'>\n            <img decoding=\"async\" src=\"https:\/\/vdratschool.ch\/wp-content\/uploads\/2024\/03\/SWISSLOS-Kanton-Aargau-sw-480x170.jpg\" alt=\"\" rel=\"noopener\" class=\"mr-2\" \/>\n      <\/a>      <\/span>  <\/li>\n        <li class=\"mb-5 \">\n            <a href='https:\/\/www4.ti.ch\/decs\/sa\/uf\/ufficio' target='_blank' rel='nofollow' class='d-block pe-2 pe-lg-3 pe-xl-4'>\n            <img decoding=\"async\" src=\"https:\/\/vdratschool.ch\/wp-content\/uploads\/2024\/09\/swisslosb-nNewLogo-433x206.jpg\" alt=\"\" rel=\"noopener\" class=\"mr-2\" \/>\n      <\/a>      <\/span>  <\/li>\n        <li class=\"mb-5 \">\n            <a href='https:\/\/ch.ambafrance.org\/-Francais-' target='_blank' rel='nofollow' class='d-block pe-2 pe-lg-3 pe-xl-4'>\n            <img decoding=\"async\" src=\"https:\/\/vdratschool.ch\/wp-content\/uploads\/2022\/12\/Ambassade_de_France_en_Suisse_2020-197x206.png\" alt=\"\" rel=\"noopener\" class=\"mr-2\" \/>\n      <\/a>      <\/span>  <\/li>\n      <\/ul>\n<\/section>\n\n\n\n<h3 class=\"wp-block-heading\">Partner<\/h3>\n\n\n<section class=\"gallery-logo\">\n  <ul class=\"list-unstyled list-inline\">\n        <li class=\"mb-5 logo2x\">\n            <a href='https:\/\/www.cineducation.ch\/fr\/home_fra\/' target='_blank' rel='nofollow' class='d-block pe-2 pe-lg-3 pe-xl-4'>\n            <img decoding=\"async\" src=\"https:\/\/vdratschool.ch\/wp-content\/uploads\/2023\/10\/cineducation_Logo-Web-sw-480x53.jpg\" alt=\"\" rel=\"noopener\" class=\"mr-2\" \/>\n      <\/a>      <\/span>  <\/li>\n        <li class=\"mb-5 \">\n            <a href='https:\/\/www.e-media.ch\/' target='_blank' rel='nofollow' class='d-block pe-2 pe-lg-3 pe-xl-4'>\n            <img decoding=\"async\" src=\"https:\/\/vdratschool.ch\/wp-content\/uploads\/2024\/09\/240624-e-media-banner-480x126.png\" alt=\"\" rel=\"noopener\" class=\"mr-2\" \/>\n      <\/a>      <\/span>  <\/li>\n      <\/ul>\n<\/section>\n","protected":false},"excerpt":{"rendered":"<p>Die Plattform Visions du R\u00e9el at School stellt Lehrpersonen kostenlos Dokumentarfilme aus verschiedenen Ausgaben des Festivals zur Verf\u00fcgung. Das Festivalteam kuratiert eine p\u00e4dagogisch relevante Auswahl an Filmen, die den verschiedenen F\u00e4chern, Themen und Schulstufen gerecht wird. Jeden Monat wird ein neuer Film mit p\u00e4dagogischem Material zur Plattform hinzugef\u00fcgt. So bietet sich die Plattform als Ressource [&hellip;]<\/p>\n","protected":false},"author":1,"featured_media":0,"parent":0,"menu_order":3,"comment_status":"closed","ping_status":"closed","template":"","meta":{"_acf_changed":false,"footnotes":""},"class_list":["post-453","page","type-page","status-publish","hentry"],"acf":[],"_links":{"self":[{"href":"https:\/\/vdratschool.ch\/de\/wp-json\/wp\/v2\/pages\/453","targetHints":{"allow":["GET"]}}],"collection":[{"href":"https:\/\/vdratschool.ch\/de\/wp-json\/wp\/v2\/pages"}],"about":[{"href":"https:\/\/vdratschool.ch\/de\/wp-json\/wp\/v2\/types\/page"}],"author":[{"embeddable":true,"href":"https:\/\/vdratschool.ch\/de\/wp-json\/wp\/v2\/users\/1"}],"replies":[{"embeddable":true,"href":"https:\/\/vdratschool.ch\/de\/wp-json\/wp\/v2\/comments?post=453"}],"version-history":[{"count":22,"href":"https:\/\/vdratschool.ch\/de\/wp-json\/wp\/v2\/pages\/453\/revisions"}],"predecessor-version":[{"id":1374,"href":"https:\/\/vdratschool.ch\/de\/wp-json\/wp\/v2\/pages\/453\/revisions\/1374"}],"wp:attachment":[{"href":"https:\/\/vdratschool.ch\/de\/wp-json\/wp\/v2\/media?parent=453"}],"curies":[{"name":"wp","href":"https:\/\/api.w.org\/{rel}","templated":true}]}}